{"id":3,"date":"2021-04-13T23:59:02","date_gmt":"2021-04-13T21:59:02","guid":{"rendered":"http:\/\/www.geosys.sk\/?page_id=3"},"modified":"2021-05-17T11:49:47","modified_gmt":"2021-05-17T09:49:47","slug":"ochrana-sukromia","status":"publish","type":"page","link":"https:\/\/www.geosys.sk\/?page_id=3","title":{"rendered":"Z\u00e1sady ochrany osobn\u00fdch \u00fadajov"},"content":{"rendered":"\n<div class=\"wp-block-file\"><a href=\"http:\/\/www.geosys.sk\/wp-content\/uploads\/2021\/05\/GEOsys-smernica-ochrana-osobnych-udajov.pdf\">GEOsys-smernica-ochrana-osobnych-udajov<\/a><a href=\"http:\/\/www.geosys.sk\/wp-content\/uploads\/2021\/05\/GEOsys-smernica-ochrana-osobnych-udajov.pdf\" class=\"wp-block-file__button\" download>Stiahnu\u0165<\/a><\/div>\n","protected":false},"excerpt":{"rendered":"","protected":false},"author":1,"featured_media":0,"parent":0,"menu_order":0,"comment_status":"closed","ping_status":"open","template":"","meta":{"footnotes":""},"class_list":["post-3","page","type-page","status-publish","hentry"],"_links":{"self":[{"href":"https:\/\/www.geosys.sk\/index.php?rest_route=\/wp\/v2\/pages\/3","targetHints":{"allow":["GET"]}}],"collection":[{"href":"https:\/\/www.geosys.sk\/index.php?rest_route=\/wp\/v2\/pages"}],"about":[{"href":"https:\/\/www.geosys.sk\/index.php?rest_route=\/wp\/v2\/types\/page"}],"author":[{"embeddable":true,"href":"https:\/\/www.geosys.sk\/index.php?rest_route=\/wp\/v2\/users\/1"}],"replies":[{"embeddable":true,"href":"https:\/\/www.geosys.sk\/index.php?rest_route=%2Fwp%2Fv2%2Fcomments&post=3"}],"version-history":[{"count":1,"href":"https:\/\/www.geosys.sk\/index.php?rest_route=\/wp\/v2\/pages\/3\/revisions"}],"predecessor-version":[{"id":256,"href":"https:\/\/www.geosys.sk\/index.php?rest_route=\/wp\/v2\/pages\/3\/revisions\/256"}],"wp:attachment":[{"href":"https:\/\/www.geosys.sk\/index.php?rest_route=%2Fwp%2Fv2%2Fmedia&parent=3"}],"curies":[{"name":"wp","href":"https:\/\/api.w.org\/{rel}","templated":true}]}}