{"id":47,"date":"2021-04-15T15:46:50","date_gmt":"2021-04-15T13:46:50","guid":{"rendered":"http:\/\/www.geosys.sk\/?page_id=47"},"modified":"2026-04-12T12:30:28","modified_gmt":"2026-04-12T10:30:28","slug":"referencie","status":"publish","type":"page","link":"https:\/\/www.geosys.sk\/?page_id=47","title":{"rendered":"Referencie"},"content":{"rendered":"\n<div class=\"wp-block-columns is-layout-flex wp-container-core-columns-is-layout-9d6595d7 wp-block-columns-is-layout-flex\">\n<div class=\"wp-block-column is-layout-flow wp-block-column-is-layout-flow\"><div class=\"wp-block-image\">\n<figure class=\"aligncenter size-full\"><a href=\"https:\/\/www.geosys.sk\/?p=314\"><img loading=\"lazy\" decoding=\"async\" width=\"200\" height=\"150\" src=\"http:\/\/www.geosys.sk\/wp-content\/uploads\/2021\/05\/Informacne-systemy-1.jpg\" alt=\"\" class=\"wp-image-320\"\/><\/a><figcaption class=\"wp-element-caption\">Informa\u010dn\u00e9 syst\u00e9my<\/figcaption><\/figure>\n<\/div><\/div>\n\n\n\n<div class=\"wp-block-column is-layout-flow wp-block-column-is-layout-flow\"><div class=\"wp-block-image\">\n<figure class=\"aligncenter size-full\"><a href=\"https:\/\/www.geosys.sk\/?p=308\"><img loading=\"lazy\" decoding=\"async\" width=\"200\" height=\"150\" src=\"http:\/\/www.geosys.sk\/wp-content\/uploads\/2021\/05\/Inz.-geodezia-liniove-stavby-1.jpg\" alt=\"\" class=\"wp-image-362\"\/><\/a><figcaption class=\"wp-element-caption\">In\u017e. geod\u00e9zia &#8211; l\u00edniov\u00e9 stavby<br><\/figcaption><\/figure>\n<\/div><\/div>\n\n\n\n<div class=\"wp-block-column is-layout-flow wp-block-column-is-layout-flow\"><div class=\"wp-block-image\">\n<figure class=\"aligncenter size-full\"><a href=\"https:\/\/www.geosys.sk\/?p=310\"><img loading=\"lazy\" decoding=\"async\" width=\"200\" height=\"150\" src=\"http:\/\/www.geosys.sk\/wp-content\/uploads\/2021\/05\/Inz.-geodezia-plosne-stavby.jpg\" alt=\"\" class=\"wp-image-322\"\/><\/a><figcaption class=\"wp-element-caption\">In\u017e. geod\u00e9zia &#8211; plo\u0161n\u00e9 stavby<\/figcaption><\/figure>\n<\/div><\/div>\n<\/div>\n\n\n\n<div class=\"wp-block-columns is-layout-flex wp-container-core-columns-is-layout-9d6595d7 wp-block-columns-is-layout-flex\">\n<div class=\"wp-block-column is-layout-flow wp-block-column-is-layout-flow\"><div class=\"wp-block-image\">\n<figure class=\"aligncenter size-full\"><a href=\"https:\/\/www.geosys.sk\/?p=306\"><img loading=\"lazy\" decoding=\"async\" width=\"200\" height=\"150\" src=\"http:\/\/www.geosys.sk\/wp-content\/uploads\/2021\/05\/Kataster-nehnutelnosti.jpg\" alt=\"\" class=\"wp-image-334\"\/><\/a><figcaption class=\"wp-element-caption\">Kataster nehnute\u013enost\u00ed<\/figcaption><\/figure>\n<\/div><\/div>\n\n\n\n<div class=\"wp-block-column is-layout-flow wp-block-column-is-layout-flow\"><div class=\"wp-block-image\">\n<figure class=\"aligncenter size-full\"><a href=\"https:\/\/www.geosys.sk\/?p=312\"><img loading=\"lazy\" decoding=\"async\" width=\"200\" height=\"150\" src=\"http:\/\/www.geosys.sk\/wp-content\/uploads\/2021\/05\/Pred-a-porealizacne-zameranie-1.jpg\" alt=\"\" class=\"wp-image-345\"\/><\/a><figcaption class=\"wp-element-caption\">Pred a porealiza\u010dn\u00e9 zameranie<br><\/figcaption><\/figure>\n<\/div><\/div>\n\n\n\n<div class=\"wp-block-column is-layout-flow wp-block-column-is-layout-flow\"><div class=\"wp-block-image\">\n<figure class=\"aligncenter size-full\"><a href=\"https:\/\/www.geosys.sk\/?p=316\"><img loading=\"lazy\" decoding=\"async\" width=\"200\" height=\"150\" src=\"http:\/\/www.geosys.sk\/wp-content\/uploads\/2021\/05\/Priemyselna-geodezia-1.jpg\" alt=\"\" class=\"wp-image-356\"\/><\/a><figcaption class=\"wp-element-caption\">Priemyseln\u00e1 geod\u00e9zia<\/figcaption><\/figure>\n<\/div><\/div>\n<\/div>\n","protected":false},"excerpt":{"rendered":"","protected":false},"author":1,"featured_media":0,"parent":0,"menu_order":0,"comment_status":"closed","ping_status":"closed","template":"","meta":{"footnotes":""},"class_list":["post-47","page","type-page","status-publish","hentry"],"_links":{"self":[{"href":"https:\/\/www.geosys.sk\/index.php?rest_route=\/wp\/v2\/pages\/47","targetHints":{"allow":["GET"]}}],"collection":[{"href":"https:\/\/www.geosys.sk\/index.php?rest_route=\/wp\/v2\/pages"}],"about":[{"href":"https:\/\/www.geosys.sk\/index.php?rest_route=\/wp\/v2\/types\/page"}],"author":[{"embeddable":true,"href":"https:\/\/www.geosys.sk\/index.php?rest_route=\/wp\/v2\/users\/1"}],"replies":[{"embeddable":true,"href":"https:\/\/www.geosys.sk\/index.php?rest_route=%2Fwp%2Fv2%2Fcomments&post=47"}],"version-history":[{"count":19,"href":"https:\/\/www.geosys.sk\/index.php?rest_route=\/wp\/v2\/pages\/47\/revisions"}],"predecessor-version":[{"id":1134,"href":"https:\/\/www.geosys.sk\/index.php?rest_route=\/wp\/v2\/pages\/47\/revisions\/1134"}],"wp:attachment":[{"href":"https:\/\/www.geosys.sk\/index.php?rest_route=%2Fwp%2Fv2%2Fmedia&parent=47"}],"curies":[{"name":"wp","href":"https:\/\/api.w.org\/{rel}","templated":true}]}}