{"id":49,"date":"2021-04-15T15:46:50","date_gmt":"2021-04-15T13:46:50","guid":{"rendered":"http:\/\/www.geosys.sk\/?page_id=49"},"modified":"2026-04-12T12:30:30","modified_gmt":"2026-04-12T10:30:30","slug":"ponuka-sluzieb","status":"publish","type":"page","link":"https:\/\/www.geosys.sk\/?page_id=49","title":{"rendered":"Ponuka slu\u017eieb"},"content":{"rendered":"\n<div class=\"wp-block-columns is-layout-flex wp-container-core-columns-is-layout-9d6595d7 wp-block-columns-is-layout-flex\">\n<div class=\"wp-block-column is-layout-flow wp-block-column-is-layout-flow\" style=\"flex-basis:100%\">\n<div class=\"wp-block-columns is-layout-flex wp-container-core-columns-is-layout-9d6595d7 wp-block-columns-is-layout-flex\">\n<div class=\"wp-block-column is-layout-flow wp-block-column-is-layout-flow\">\n<figure class=\"wp-block-image size-full\"><a href=\"http:\/\/www.geosys.sk\/?p=340\" target=\"_blank\" rel=\" noreferrer noopener\"><img loading=\"lazy\" decoding=\"async\" width=\"200\" height=\"150\" src=\"http:\/\/www.geosys.sk\/wp-content\/uploads\/2021\/05\/Kataster-nehnutelnosti-1.jpg\" alt=\"\" class=\"wp-image-341\"\/><\/a><figcaption class=\"wp-element-caption\">   Kataster nehnutelnost\u00ed<\/figcaption><\/figure>\n<\/div>\n\n\n\n<div class=\"wp-block-column is-layout-flow wp-block-column-is-layout-flow\">\n<figure class=\"wp-block-image size-full\"><a href=\"http:\/\/www.geosys.sk\/?p=344\"><img loading=\"lazy\" decoding=\"async\" width=\"200\" height=\"150\" src=\"http:\/\/www.geosys.sk\/wp-content\/uploads\/2021\/05\/Pred-a-porealizacne-zameranie-1.jpg\" alt=\"\" class=\"wp-image-345\"\/><\/a><figcaption class=\"wp-element-caption\">Pred a porealiza\u010dn\u00e9 zameranie<\/figcaption><\/figure>\n<\/div>\n\n\n\n<div class=\"wp-block-column is-layout-flow wp-block-column-is-layout-flow\">\n<figure class=\"wp-block-image size-full\"><a href=\"http:\/\/www.geosys.sk\/?p=347\"><img loading=\"lazy\" decoding=\"async\" width=\"200\" height=\"150\" src=\"http:\/\/www.geosys.sk\/wp-content\/uploads\/2021\/05\/Informacne-systemy-2.jpg\" alt=\"\" class=\"wp-image-348\"\/><\/a><figcaption class=\"wp-element-caption\">     Informa\u010dn\u00e9 syst\u00e9my<\/figcaption><\/figure>\n<\/div>\n<\/div>\n<\/div>\n<\/div>\n\n\n\n<div class=\"wp-block-columns is-layout-flex wp-container-core-columns-is-layout-9d6595d7 wp-block-columns-is-layout-flex\">\n<div class=\"wp-block-column is-layout-flow wp-block-column-is-layout-flow\">\n<figure class=\"wp-block-image size-full\"><a href=\"http:\/\/www.geosys.sk\/?p=353\"><img loading=\"lazy\" decoding=\"async\" width=\"200\" height=\"150\" src=\"http:\/\/www.geosys.sk\/wp-content\/uploads\/2021\/05\/Priemyselna-geodezia-1.jpg\" alt=\"\" class=\"wp-image-356\"\/><\/a><figcaption class=\"wp-element-caption\">Priemyseln\u00e1 geod\u00e9zia<\/figcaption><\/figure>\n<\/div>\n\n\n\n<div class=\"wp-block-column is-layout-flow wp-block-column-is-layout-flow\">\n<figure class=\"wp-block-image size-full\"><a href=\"http:\/\/www.geosys.sk\/?p=360\"><img loading=\"lazy\" decoding=\"async\" width=\"200\" height=\"150\" src=\"http:\/\/www.geosys.sk\/wp-content\/uploads\/2021\/05\/Inz.-geodezia-liniove-stavby-1.jpg\" alt=\"\" class=\"wp-image-362\"\/><\/a><figcaption class=\"wp-element-caption\">In\u017e. geod\u00e9zia &#8211; l\u00edniov\u00e9 stavby<\/figcaption><\/figure>\n<\/div>\n\n\n\n<div class=\"wp-block-column is-layout-flow wp-block-column-is-layout-flow\">\n<figure class=\"wp-block-image size-full\"><a href=\"http:\/\/www.geosys.sk\/?p=364\"><img loading=\"lazy\" decoding=\"async\" width=\"200\" height=\"150\" src=\"http:\/\/www.geosys.sk\/wp-content\/uploads\/2021\/05\/Inz.-geodezia-plosne-stavby-1.jpg\" alt=\"\" class=\"wp-image-366\"\/><\/a><figcaption class=\"wp-element-caption\">In\u017e. geod\u00e9zia &#8211; plo\u0161n\u00e9 stavby<\/figcaption><\/figure>\n<\/div>\n<\/div>\n\n\n\n<div class=\"wp-block-columns is-layout-flex wp-container-core-columns-is-layout-9d6595d7 wp-block-columns-is-layout-flex\">\n<div class=\"wp-block-column is-layout-flow wp-block-column-is-layout-flow\">\n<figure class=\"wp-block-image size-full\"><a href=\"http:\/\/www.geosys.sk\/?p=486\"><img loading=\"lazy\" decoding=\"async\" width=\"200\" height=\"178\" src=\"http:\/\/www.geosys.sk\/wp-content\/uploads\/2021\/05\/Leica-RTC360_200.jpg\" alt=\"\" class=\"wp-image-371\"\/><\/a><figcaption class=\"wp-element-caption\">Laserov\u00e9 terestrick\u00e9 skenovanie<\/figcaption><\/figure>\n<\/div>\n\n\n\n<div class=\"wp-block-column is-layout-flow wp-block-column-is-layout-flow\">\n<figure class=\"wp-block-image size-full\"><a href=\"http:\/\/www.geosys.sk\/?p=486\"><img loading=\"lazy\" decoding=\"async\" width=\"760\" height=\"517\" src=\"http:\/\/www.geosys.sk\/wp-content\/uploads\/2021\/05\/lidar_1.png\" alt=\"\" class=\"wp-image-372\" srcset=\"https:\/\/www.geosys.sk\/wp-content\/uploads\/2021\/05\/lidar_1.png 760w, https:\/\/www.geosys.sk\/wp-content\/uploads\/2021\/05\/lidar_1-300x204.png 300w\" sizes=\"auto, (max-width: 706px) 89vw, (max-width: 767px) 82vw, 740px\" \/><\/a><figcaption class=\"wp-element-caption\">Mobiln\u00e9 mapovanie \/ lidar<\/figcaption><\/figure>\n<\/div>\n\n\n\n<div class=\"wp-block-column is-layout-flow wp-block-column-is-layout-flow\">\n<figure class=\"wp-block-image size-large is-resized\"><a href=\"http:\/\/www.geosys.sk\/?p=486\"><img loading=\"lazy\" decoding=\"async\" width=\"1024\" height=\"848\" src=\"https:\/\/www.geosys.sk\/wp-content\/uploads\/2026\/04\/OrbisPremium_AECO-1024x848.png\" alt=\"\" class=\"wp-image-1120\" style=\"width:219px;height:auto\" srcset=\"https:\/\/www.geosys.sk\/wp-content\/uploads\/2026\/04\/OrbisPremium_AECO-1024x848.png 1024w, https:\/\/www.geosys.sk\/wp-content\/uploads\/2026\/04\/OrbisPremium_AECO-300x248.png 300w, https:\/\/www.geosys.sk\/wp-content\/uploads\/2026\/04\/OrbisPremium_AECO-768x636.png 768w, https:\/\/www.geosys.sk\/wp-content\/uploads\/2026\/04\/OrbisPremium_AECO.png 1304w\" sizes=\"auto, (max-width: 767px) 89vw, (max-width: 1000px) 54vw, (max-width: 1071px) 543px, 580px\" \/><\/a><figcaption class=\"wp-element-caption\">Mobiln\u00e9 mapovanie \/ slam<\/figcaption><\/figure>\n<\/div>\n<\/div>\n\n\n\n<figure class=\"wp-block-embed is-type-video is-provider-youtube wp-block-embed-youtube wp-embed-aspect-16-9 wp-has-aspect-ratio\"><div class=\"wp-block-embed__wrapper\">\n<iframe loading=\"lazy\" title=\"Lidaretto GEOsys\" width=\"525\" height=\"295\" src=\"https:\/\/www.youtube.com\/embed\/uhabqn32eLg?start=21&#038;feature=oembed\" frameborder=\"0\" allow=\"accelerometer; autoplay; clipboard-write; encrypted-media; gyroscope; picture-in-picture; web-share\" referrerpolicy=\"strict-origin-when-cross-origin\" allowfullscreen><\/iframe>\n<\/div><\/figure>\n","protected":false},"excerpt":{"rendered":"","protected":false},"author":1,"featured_media":0,"parent":0,"menu_order":0,"comment_status":"closed","ping_status":"closed","template":"","meta":{"footnotes":""},"class_list":["post-49","page","type-page","status-publish","hentry"],"_links":{"self":[{"href":"https:\/\/www.geosys.sk\/index.php?rest_route=\/wp\/v2\/pages\/49","targetHints":{"allow":["GET"]}}],"collection":[{"href":"https:\/\/www.geosys.sk\/index.php?rest_route=\/wp\/v2\/pages"}],"about":[{"href":"https:\/\/www.geosys.sk\/index.php?rest_route=\/wp\/v2\/types\/page"}],"author":[{"embeddable":true,"href":"https:\/\/www.geosys.sk\/index.php?rest_route=\/wp\/v2\/users\/1"}],"replies":[{"embeddable":true,"href":"https:\/\/www.geosys.sk\/index.php?rest_route=%2Fwp%2Fv2%2Fcomments&post=49"}],"version-history":[{"count":33,"href":"https:\/\/www.geosys.sk\/index.php?rest_route=\/wp\/v2\/pages\/49\/revisions"}],"predecessor-version":[{"id":1123,"href":"https:\/\/www.geosys.sk\/index.php?rest_route=\/wp\/v2\/pages\/49\/revisions\/1123"}],"wp:attachment":[{"href":"https:\/\/www.geosys.sk\/index.php?rest_route=%2Fwp%2Fv2%2Fmedia&parent=49"}],"curies":[{"name":"wp","href":"https:\/\/api.w.org\/{rel}","templated":true}]}}