{"id":50,"date":"2021-04-15T15:46:50","date_gmt":"2021-04-15T13:46:50","guid":{"rendered":"http:\/\/www.geosys.sk\/?page_id=50"},"modified":"2021-06-10T08:02:36","modified_gmt":"2021-06-10T06:02:36","slug":"o-nas","status":"publish","type":"page","link":"https:\/\/www.geosys.sk\/","title":{"rendered":"O n\u00e1s"},"content":{"rendered":"\n<p>GEOsys s.r.o. &#8211; geodetick\u00e1 kancel\u00e1ria. Spolo\u010dnos\u0165 GEOsys s.r.o. vznikla 1.1.2003. Od svojho vzniku poskytuje kvalitn\u00e9 a odborn\u00e9 slu\u017eby v odbore geod\u00e9zie\u00a0 a\u00a0kartografie. Hlavn\u00fdm cie\u013eom spolo\u010dnosti je poskytn\u00fa\u0165 z\u00e1kazn\u00edkom komplexn\u00fd servis geodetick\u00fdch a kartografick\u00fdch pr\u00e1c\u00a0 od\u00a0zah\u00e1jenia projektu po jeho ukon\u010denie. S\u00eddlom spolo\u010dnosti je Bratislava, pobo\u010dka je v \u017diline. Pod\u013ea aktu\u00e1lnej potreby si spolo\u010dnos\u0165 vytv\u00e1ra pracovisk\u00e1 po celom \u00fazem\u00ed\u00a0 SR, ktor\u00e9 plnia dlhodobej\u0161ie \u00falohy na stavb\u00e1ch v oblasti budovania alebo rekon\u0161trukcie dopravn\u00fdch stavieb pripadne\u00a0 aktualiz\u00e1cie ZPZ (Slovnaft a.s.)\u00a0 V\u00fdkon geodetick\u00fdch pr\u00e1c je realizovan\u00fd pod odborn\u00fdm veden\u00edm sk\u00fasen\u00fdch geodetov\u00a0 a\u00a0kartografov. V\u0161etky pr\u00e1ce s\u00fa\u00a0vykon\u00e1van\u00e9 v s\u00falade s platnou legislat\u00edvou a overen\u00e9\u00a0 autorizovan\u00fdm geodetom a kartografom. Vedenie spolo\u010dnosti ako\u00a0aj\u00a0viacer\u00ed zamestnanci\u00a0 s\u00fa\u00a0v\u00a0s\u00falade so z\u00e1konom NR SR \u010d. 216\/1995 Z.z. o Komore geodetov a kartografov opr\u00e1vnen\u00ed\u00a0 geodetick\u00e9 pr\u00e1ce autorizova\u0165.\u00a0 Spolo\u010dnos\u0165 GEOsys s.r.o. m\u00e1 od roku 2005 zaveden\u00fd syst\u00e9m mana\u017e\u00e9rstva pod\u013ea normy STN EN ISO 9001:2016.  V oblasti BOZP a PO m\u00e1 spolo\u010dnos\u0165 vypracovan\u00fa jej komplexn\u00fa dokument\u00e1ciu, pravidelne\u00a0 pre\u0161ko\u013euje svojich zamestnancov a db\u00e1 o dodr\u017eiavanie a plnenie pr\u00edslu\u0161n\u00fdch z\u00e1konov\u00a0 a\u00a0vyhl\u00e1\u0161ok.\u00a0<\/p>\n","protected":false},"excerpt":{"rendered":"<p>GEOsys s.r.o. &#8211; geodetick\u00e1 kancel\u00e1ria. Spolo\u010dnos\u0165 GEOsys s.r.o. vznikla 1.1.2003. Od svojho vzniku poskytuje kvalitn\u00e9 a odborn\u00e9 slu\u017eby v odbore geod\u00e9zie\u00a0 a\u00a0kartografie. Hlavn\u00fdm cie\u013eom spolo\u010dnosti je poskytn\u00fa\u0165 z\u00e1kazn\u00edkom komplexn\u00fd servis geodetick\u00fdch a kartografick\u00fdch pr\u00e1c\u00a0 od\u00a0zah\u00e1jenia projektu po jeho ukon\u010denie. S\u00eddlom spolo\u010dnosti je Bratislava, pobo\u010dka je v \u017diline. Pod\u013ea aktu\u00e1lnej potreby si spolo\u010dnos\u0165 vytv\u00e1ra pracovisk\u00e1 po &hellip; <\/p>\n<p class=\"link-more\"><a href=\"https:\/\/www.geosys.sk\/\" class=\"more-link\">Pokra\u010dova\u0165 v \u010d\u00edtan\u00ed<span class=\"screen-reader-text\"> &#8222;O n\u00e1s&#8220;<\/span><\/a><\/p>\n","protected":false},"author":1,"featured_media":0,"parent":0,"menu_order":0,"comment_status":"closed","ping_status":"closed","template":"","meta":{"footnotes":""},"class_list":["post-50","page","type-page","status-publish","hentry"],"_links":{"self":[{"href":"https:\/\/www.geosys.sk\/index.php?rest_route=\/wp\/v2\/pages\/50","targetHints":{"allow":["GET"]}}],"collection":[{"href":"https:\/\/www.geosys.sk\/index.php?rest_route=\/wp\/v2\/pages"}],"about":[{"href":"https:\/\/www.geosys.sk\/index.php?rest_route=\/wp\/v2\/types\/page"}],"author":[{"embeddable":true,"href":"https:\/\/www.geosys.sk\/index.php?rest_route=\/wp\/v2\/users\/1"}],"replies":[{"embeddable":true,"href":"https:\/\/www.geosys.sk\/index.php?rest_route=%2Fwp%2Fv2%2Fcomments&post=50"}],"version-history":[{"count":4,"href":"https:\/\/www.geosys.sk\/index.php?rest_route=\/wp\/v2\/pages\/50\/revisions"}],"predecessor-version":[{"id":382,"href":"https:\/\/www.geosys.sk\/index.php?rest_route=\/wp\/v2\/pages\/50\/revisions\/382"}],"wp:attachment":[{"href":"https:\/\/www.geosys.sk\/index.php?rest_route=%2Fwp%2Fv2%2Fmedia&parent=50"}],"curies":[{"name":"wp","href":"https:\/\/api.w.org\/{rel}","templated":true}]}}